{"id":18,"date":"2025-02-10T15:40:10","date_gmt":"2025-02-10T20:40:10","guid":{"rendered":"https:\/\/420cb2fx01.wpetugarneau.ca\/jfpepinweb\/?page_id=18"},"modified":"2026-03-17T09:25:48","modified_gmt":"2026-03-17T13:25:48","slug":"nos-services","status":"publish","type":"page","link":"https:\/\/420cb2fx01.wpetugarneau.ca\/demo-cours\/nos-services\/","title":{"rendered":"Nos services"},"content":{"rendered":"\n<p>Lorem ipsum dolor sit amet, consectetur adipiscing elit. Nam at neque quis dui volutpat semper. In leo nisi, imperdiet at consequat sit amet, dictum vel ex. Aenean ultrices, nulla in consectetur rutrum, purus ante feugiat lorem, sit amet dignissim enim tortor non lacus. Morbi tincidunt velit venenatis, tincidunt urna id, tristique sem. Mauris et neque nulla. Integer eleifend nisi eleifend, lobortis nisl non, imperdiet nunc. Nam sagittis ut ex eget rutrum.<\/p>\n\n\n\n<div class=\"wp-block-columns is-layout-flex wp-container-core-columns-is-layout-28f84493 wp-block-columns-is-layout-flex\">\n<div class=\"wp-block-column has-border-color has-light-green-cyan-border-color has-background is-layout-flow wp-block-column-is-layout-flow\" style=\"border-width:2px;background:linear-gradient(180deg,rgb(255,245,203) 0%,rgb(182,227,212) 74%,rgb(51,167,181) 100%);padding-top:var(--wp--preset--spacing--40);padding-right:var(--wp--preset--spacing--40);padding-bottom:var(--wp--preset--spacing--40);padding-left:var(--wp--preset--spacing--40)\">\n<h2 class=\"wp-block-heading has-text-align-center\">Personnalisation de th\u00e8me<\/h2>\n\n\n\n<p class=\"has-text-align-center\">Lorem ipsum dolor sit amet, consectetur adipiscing elit. Nam at neque quis dui volutpat semper. <\/p>\n\n\n\n<div class=\"wp-block-buttons is-content-justification-center is-layout-flex wp-container-core-buttons-is-layout-a89b3969 wp-block-buttons-is-layout-flex\">\n<div class=\"wp-block-button\"><a class=\"wp-block-button__link has-text-align-center wp-element-button\" href=\"https:\/\/420cb2fx01.wpetugarneau.ca\/jfpepinweb\/nos-services\/service-1\/\">En savoir plus<\/a><\/div>\n<\/div>\n<\/div>\n\n\n\n<div class=\"wp-block-column has-border-color has-light-green-cyan-border-color has-background is-layout-flow wp-block-column-is-layout-flow\" style=\"border-width:2px;background:linear-gradient(180deg,rgb(255,245,203) 0%,rgb(182,227,212) 74%,rgb(51,167,181) 100%);padding-top:var(--wp--preset--spacing--40);padding-right:var(--wp--preset--spacing--40);padding-bottom:var(--wp--preset--spacing--40);padding-left:var(--wp--preset--spacing--40)\">\n<h2 class=\"wp-block-heading has-text-align-center\">Cr\u00e9ation de contenus<\/h2>\n\n\n\n<p class=\"has-text-align-center\">Lorem ipsum dolor sit amet, consectetur adipiscing elit.<\/p>\n\n\n\n<div class=\"wp-block-buttons is-content-justification-center is-layout-flex wp-container-core-buttons-is-layout-a89b3969 wp-block-buttons-is-layout-flex\">\n<div class=\"wp-block-button\"><a class=\"wp-block-button__link wp-element-button\" href=\"https:\/\/420cb2fx01.wpetugarneau.ca\/jfpepinweb\/nos-services\/service-2\/\">En savoir plus<\/a><\/div>\n<\/div>\n<\/div>\n\n\n\n<div class=\"wp-block-column has-border-color has-light-green-cyan-border-color has-background is-layout-flow wp-block-column-is-layout-flow\" style=\"border-width:2px;background:linear-gradient(180deg,rgb(255,245,203) 0%,rgb(182,227,212) 74%,rgb(51,167,181) 100%);padding-top:var(--wp--preset--spacing--40);padding-right:var(--wp--preset--spacing--40);padding-bottom:var(--wp--preset--spacing--40);padding-left:var(--wp--preset--spacing--40)\">\n<h2 class=\"wp-block-heading has-text-align-center\">Gestion du r\u00e9f\u00e9rencement<\/h2>\n\n\n\n<p class=\"has-text-align-center\">Lorem ipsum dolor sit amet, consectetur adipiscing elit. Nam at neque quis dui volutpat semper.<\/p>\n\n\n\n<div class=\"wp-block-buttons is-content-justification-center is-layout-flex wp-container-core-buttons-is-layout-a89b3969 wp-block-buttons-is-layout-flex\">\n<div class=\"wp-block-button\"><a class=\"wp-block-button__link wp-element-button\" href=\"https:\/\/420cb2fx01.wpetugarneau.ca\/demo-cours\/nos-services\/service-3\/\">En savoir plus<\/a><\/div>\n<\/div>\n<\/div>\n<\/div>\n\n\n\n<div class=\"alignnormal\"><div id=\"metaslider-id-288\" style=\"width: 100%;\" class=\"ml-slider-3-107-0 metaslider metaslider-flex metaslider-288 ml-slider has-dots-nav ms-theme-databold\" role=\"region\" aria-label=\"Carrousel de banni\u00e8re\" data-height=\"300\" data-width=\"700\">\n    <div id=\"metaslider_container_288\">\n        <div id=\"metaslider_288\">\n            <ul class='slides'>\n                <li style=\"display: block; width: 100%;\" class=\"slide-289 ms-image \" aria-roledescription=\"slide\" data-date=\"2025-03-24 13:10:28\" data-filename=\"gratisography-computer-man-free-stock-photo-1170x780-1-700x300.jpg\" data-slide-type=\"image\"><a href=\"https:\/\/420cb2fx01.wpetugarneau.ca\/jfpepinweb\/nos-services\/\" target=\"_self\" aria-label=\"Voir les d\u00e9tails de la diapositive\" class=\"metaslider_image_link\"><img loading=\"lazy\" decoding=\"async\" src=\"https:\/\/420cb2fx01.wpetugarneau.ca\/demo-cours\/wp-content\/uploads\/sites\/94\/2025\/02\/gratisography-computer-man-free-stock-photo-1170x780-1-700x300.jpg\" height=\"300\" width=\"700\" alt=\"image en avant du produit test\" class=\"slider-288 slide-289 msDefaultImage\" title=\"gratisography-computer-man-free-stock-photo-1170x780\" \/><\/a><div class=\"caption-wrap\"><div class=\"caption\"><div>Besoin d'aide avec la cr\u00e9ation de votre site web?\u00a0<\/div> <div><a title=\"Services\" href=\"https:\/\/420cb2fx01.wpetugarneau.ca\/jfpepinweb\/nos-services\/\">Voir nos services<\/a><\/div><\/div><\/div><\/li>\n                <li style=\"display: none; width: 100%;\" class=\"slide-290 ms-image \" aria-roledescription=\"slide\" data-date=\"2025-03-24 13:14:00\" data-filename=\"gratisography-346H-free-stock-photo-1170x780-1-700x300.jpg\" data-slide-type=\"image\"><img loading=\"lazy\" decoding=\"async\" src=\"https:\/\/420cb2fx01.wpetugarneau.ca\/demo-cours\/wp-content\/uploads\/sites\/94\/2025\/02\/gratisography-346H-free-stock-photo-1170x780-1-700x300.jpg\" height=\"300\" width=\"700\" alt=\"\" class=\"slider-288 slide-290 msDefaultImage\" title=\"gratisography-346H-free-stock-photo-1170x780\" \/><div class=\"caption-wrap\"><div class=\"caption\"><div>D\u00e9couvrez des astuces pour cr\u00e9er vos contenus web<\/div> <div><a title=\"Blogue\" href=\"https:\/\/420cb2fx01.wpetugarneau.ca\/jfpepinweb\/blogue\/\" target=\"_blank\" rel=\"noreferrer noopener\">Voir notre blogue<\/a><\/div><\/div><\/div><\/li>\n                <li style=\"display: none; width: 100%;\" class=\"slide-294 ms-image \" aria-roledescription=\"slide\" data-date=\"2025-03-24 13:44:55\" data-filename=\"creation-de-contenus-700x300.png\" data-slide-type=\"image\"><img loading=\"lazy\" decoding=\"async\" src=\"https:\/\/420cb2fx01.wpetugarneau.ca\/demo-cours\/wp-content\/uploads\/sites\/94\/2025\/02\/creation-de-contenus-700x300.png\" height=\"300\" width=\"700\" alt=\"\" class=\"slider-288 slide-294 msDefaultImage\" title=\"creation-de-contenus\" \/><div class=\"caption-wrap\"><div class=\"caption\"><div>D\u00e9couvrez nos produits d\u00e9riv\u00e9s.<\/div> <div><a href=\"#\">Voir la boutique<\/a><\/div><\/div><\/div><\/li>\n            <\/ul>\n        <\/div>\n        \n    <\/div>\n<\/div><\/div>\n\n\n\n<p><\/p>\n","protected":false},"excerpt":{"rendered":"<p>Lorem ipsum dolor sit amet, consectetur adipiscing elit. Nam at neque quis dui volutpat semper. In leo nisi, imperdiet at consequat sit [&hellip;]<\/p>\n","protected":false},"author":1,"featured_media":0,"parent":0,"menu_order":0,"comment_status":"closed","ping_status":"closed","template":"page-templates\/page_fullwidth.php","meta":{"footnotes":""},"class_list":["post-18","page","type-page","status-publish","hentry"],"_links":{"self":[{"href":"https:\/\/420cb2fx01.wpetugarneau.ca\/demo-cours\/wp-json\/wp\/v2\/pages\/18","targetHints":{"allow":["GET"]}}],"collection":[{"href":"https:\/\/420cb2fx01.wpetugarneau.ca\/demo-cours\/wp-json\/wp\/v2\/pages"}],"about":[{"href":"https:\/\/420cb2fx01.wpetugarneau.ca\/demo-cours\/wp-json\/wp\/v2\/types\/page"}],"author":[{"embeddable":true,"href":"https:\/\/420cb2fx01.wpetugarneau.ca\/demo-cours\/wp-json\/wp\/v2\/users\/1"}],"replies":[{"embeddable":true,"href":"https:\/\/420cb2fx01.wpetugarneau.ca\/demo-cours\/wp-json\/wp\/v2\/comments?post=18"}],"version-history":[{"count":31,"href":"https:\/\/420cb2fx01.wpetugarneau.ca\/demo-cours\/wp-json\/wp\/v2\/pages\/18\/revisions"}],"predecessor-version":[{"id":556,"href":"https:\/\/420cb2fx01.wpetugarneau.ca\/demo-cours\/wp-json\/wp\/v2\/pages\/18\/revisions\/556"}],"wp:attachment":[{"href":"https:\/\/420cb2fx01.wpetugarneau.ca\/demo-cours\/wp-json\/wp\/v2\/media?parent=18"}],"curies":[{"name":"wp","href":"https:\/\/api.w.org\/{rel}","templated":true}]}}